{"id":901,"date":"2026-05-01T17:30:20","date_gmt":"2026-05-01T17:30:20","guid":{"rendered":"https:\/\/liftingsolutions.pt\/stock\/?post_type=product&#038;p=901"},"modified":"2026-05-01T17:32:11","modified_gmt":"2026-05-01T17:32:11","slug":"rampa-movel-rl-mr-std8-2","status":"publish","type":"product","link":"https:\/\/liftingsolutions.pt\/stock\/produto\/rampa-movel-rl-mr-std8-2\/","title":{"rendered":"Rampa m\u00f3vel RL-MR-STD8"},"content":{"rendered":"<p>Rampa m\u00f3vel 8ton capacidade.<img fetchpriority=\"high\" decoding=\"async\" class=\"alignnone wp-image-898 size-large\" src=\"https:\/\/liftingsolutions.pt\/stock\/wp-content\/uploads\/2026\/04\/RL-MR-medidas-1024x134.png\" alt=\"\" width=\"1024\" height=\"134\" srcset=\"https:\/\/liftingsolutions.pt\/stock\/wp-content\/uploads\/2026\/04\/RL-MR-medidas-1024x134.png 1024w, https:\/\/liftingsolutions.pt\/stock\/wp-content\/uploads\/2026\/04\/RL-MR-medidas-300x39.png 300w, https:\/\/liftingsolutions.pt\/stock\/wp-content\/uploads\/2026\/04\/RL-MR-medidas-768x101.png 768w, https:\/\/liftingsolutions.pt\/stock\/wp-content\/uploads\/2026\/04\/RL-MR-medidas-600x79.png 600w, https:\/\/liftingsolutions.pt\/stock\/wp-content\/uploads\/2026\/04\/RL-MR-medidas.png 1340w\" sizes=\"(max-width: 1024px) 100vw, 1024px\" \/><\/p>\n<table width=\"517\">\n<tbody>\n<tr>\n<td style=\"text-align: center;\" rowspan=\"2\" width=\"89\">Modelo<\/td>\n<td style=\"text-align: center;\" colspan=\"8\" width=\"368\">Dimens\u00f5es, mm *<\/td>\n<td style=\"text-align: center;\" rowspan=\"2\" width=\"60\">Capacidade de carga, tons<\/td>\n<\/tr>\n<tr>\n<td width=\"46\">I<\/td>\n<td width=\"46\">H<\/td>\n<td width=\"46\">C<\/td>\n<td width=\"46\">L<\/td>\n<td width=\"46\">D<\/td>\n<td width=\"46\">O<\/td>\n<td width=\"46\">N<\/td>\n<td width=\"46\">X<\/td>\n<\/tr>\n<tr>\n<td style=\"text-align: center;\">RL-MR-STD8<\/td>\n<td style=\"text-align: center;\" width=\"46\">8010<\/td>\n<td style=\"text-align: center;\" width=\"46\">2230<\/td>\n<td style=\"text-align: center;\" width=\"46\">270<\/td>\n<td style=\"text-align: center;\" width=\"46\">10510<\/td>\n<td style=\"text-align: center;\" width=\"46\">1990<\/td>\n<td style=\"text-align: center;\" width=\"46\">2270<\/td>\n<td style=\"text-align: center;\" width=\"46\">890<\/td>\n<td style=\"text-align: center;\" width=\"46\">1640<\/td>\n<td style=\"text-align: center;\" width=\"60\">8<\/td>\n<\/tr>\n<\/tbody>\n<\/table>\n<p>O valor apresentado inclui entrega em Portugal Continental.<\/p>\n<p>\u00c9 necess\u00e1rio ter meios de descarga (2 empilhadores) para descarregar na lateral do cami\u00e3o.<\/p>\n<p>&nbsp;<\/p>\n<p>&nbsp;<\/p>\n","protected":false},"excerpt":{"rendered":"<p>RL-MR-STD8<\/p>\n","protected":false},"featured_media":896,"template":"","meta":{"pagelayer_contact_templates":[],"_pagelayer_content":"","site-sidebar-layout":"default","site-content-layout":"","ast-site-content-layout":"default","site-content-style":"default","site-sidebar-style":"default","ast-global-header-display":"","ast-banner-title-visibility":"","ast-main-header-display":"","ast-hfb-above-header-display":"","ast-hfb-below-header-display":"","ast-hfb-mobile-header-display":"","site-post-title":"","ast-breadcrumbs-content":"","ast-featured-img":"","footer-sml-layout":"","theme-transparent-header-meta":"default","adv-header-id-meta":"","stick-header-meta":"","header-above-stick-meta":"","header-main-stick-meta":"","header-below-stick-meta":"","astra-migrate-meta-layouts":"set","ast-page-background-enabled":"default","ast-page-background-meta":{"desktop":{"background-color":"var(--ast-global-color-5)","background-image":"","background-repeat":"repeat","background-position":"center center","background-size":"auto","background-attachment":"scroll","background-type":"","background-media":"","overlay-type":"","overlay-color":"","overlay-opacity":"","overlay-gradient":""},"tablet":{"background-color":"","background-image":"","background-repeat":"repeat","background-position":"center center","background-size":"auto","background-attachment":"scroll","background-type":"","background-media":"","overlay-type":"","overlay-color":"","overlay-opacity":"","overlay-gradient":""},"mobile":{"background-color":"","background-image":"","background-repeat":"repeat","background-position":"center center","background-size":"auto","background-attachment":"scroll","background-type":"","background-media":"","overlay-type":"","overlay-color":"","overlay-opacity":"","overlay-gradient":""}},"ast-content-background-meta":{"desktop":{"background-color":"var(--ast-global-color-4)","background-image":"","background-repeat":"repeat","background-position":"center center","background-size":"auto","background-attachment":"scroll","background-type":"","background-media":"","overlay-type":"","overlay-color":"","overlay-opacity":"","overlay-gradient":""},"tablet":{"background-color":"var(--ast-global-color-4)","background-image":"","background-repeat":"repeat","background-position":"center center","background-size":"auto","background-attachment":"scroll","background-type":"","background-media":"","overlay-type":"","overlay-color":"","overlay-opacity":"","overlay-gradient":""},"mobile":{"background-color":"var(--ast-global-color-4)","background-image":"","background-repeat":"repeat","background-position":"center center","background-size":"auto","background-attachment":"scroll","background-type":"","background-media":"","overlay-type":"","overlay-color":"","overlay-opacity":"","overlay-gradient":""}}},"product_brand":[80],"product_cat":[15,81,82],"product_tag":[62],"class_list":{"0":"post-901","1":"product","2":"type-product","3":"status-publish","4":"has-post-thumbnail","6":"product_brand-ramplo","7":"product_cat-sem-categoria","8":"product_cat-rampas","9":"product_cat-rl-mr","10":"product_tag-novidade","11":"product_shipping_class-gratis","12":"desktop-align-left","13":"tablet-align-left","14":"mobile-align-left","16":"first","17":"onbackorder","18":"taxable","19":"shipping-taxable","20":"product-type-simple"},"_links":{"self":[{"href":"https:\/\/liftingsolutions.pt\/stock\/wp-json\/wp\/v2\/product\/901","targetHints":{"allow":["GET"]}}],"collection":[{"href":"https:\/\/liftingsolutions.pt\/stock\/wp-json\/wp\/v2\/product"}],"about":[{"href":"https:\/\/liftingsolutions.pt\/stock\/wp-json\/wp\/v2\/types\/product"}],"wp:featuredmedia":[{"embeddable":true,"href":"https:\/\/liftingsolutions.pt\/stock\/wp-json\/wp\/v2\/media\/896"}],"wp:attachment":[{"href":"https:\/\/liftingsolutions.pt\/stock\/wp-json\/wp\/v2\/media?parent=901"}],"wp:term":[{"taxonomy":"product_brand","embeddable":true,"href":"https:\/\/liftingsolutions.pt\/stock\/wp-json\/wp\/v2\/product_brand?post=901"},{"taxonomy":"product_cat","embeddable":true,"href":"https:\/\/liftingsolutions.pt\/stock\/wp-json\/wp\/v2\/product_cat?post=901"},{"taxonomy":"product_tag","embeddable":true,"href":"https:\/\/liftingsolutions.pt\/stock\/wp-json\/wp\/v2\/product_tag?post=901"}],"curies":[{"name":"wp","href":"https:\/\/api.w.org\/{rel}","templated":true}]}}