{"id":884,"date":"2026-04-27T17:07:52","date_gmt":"2026-04-27T17:07:52","guid":{"rendered":"https:\/\/liftingsolutions.pt\/stock\/?post_type=product&#038;p=884"},"modified":"2026-04-27T17:21:02","modified_gmt":"2026-04-27T17:21:02","slug":"multidirecional-mqk30-54","status":"publish","type":"product","link":"https:\/\/liftingsolutions.pt\/stock\/produto\/multidirecional-mqk30-54\/","title":{"rendered":"Multidirecional MQK30-54"},"content":{"rendered":"<p>1) Marca: MiMA<\/p>\n<p>2) Capacidade de carga: 3.000kg@500mm<\/p>\n<p>3) Mastro Livre Completo Triplex<\/p>\n<p>4) Eleva\u00e7\u00e3o: 5.400mm<\/p>\n<p>5) Controlador CURTIS<\/p>\n<p>6) Pneus de borracha maci\u00e7a<\/p>\n<p>7) motores de transmiss\u00e3o AC de 2*7kW, motor de eleva\u00e7\u00e3o AC de 12,8kW<\/p>\n<p>8) Dimens\u00f5es dos garfos: 1200*125*45mm (Comprimento*Largura*Altura)<\/p>\n<p>9) Posicionador de garfos<\/p>\n<p>10) C\u00e2mara e ecr\u00e3 LED<\/p>\n<p>11) Altura do mastro fechado: 2535 mm<\/p>\n<p>12) Altura de eleva\u00e7\u00e3o livre: 1486 mm<\/p>\n<p>13) Capacidade de carga a 5.400 mm (centro de carga, C=600 mm): 2.040 mm<\/p>\n<p>14) Carregador inteligente, trif\u00e1sico 400V\/50Hz com ficha de cinco pinos e tomada (carregador)<\/p>\n<p>15) Bateria de l\u00edtio de 48V\/600Ah<\/p>\n<p>16) Cor MiMA padr\u00e3o<\/p>\n<p>17) Luzes LED, holofotes azuis, farol intermitente<\/p>\n<p>18) Kit de caixa de ferramentas<\/p>\n<p>Cat\u00e1logo &#8211; <a href=\"https:\/\/liftingsolutions.pt\/stock\/wp-content\/uploads\/2026\/04\/MQK30-Multi-directional-forklift-202412.pdf\" target=\"_blank\" rel=\"noopener\">MQK30 Multi-directional forklift-202412<\/a><\/p>\n<p>&nbsp;<\/p>\n<p>&nbsp;<\/p>\n","protected":false},"excerpt":{"rendered":"<p>Mutidirecional MQK30-54<\/p>\n","protected":false},"featured_media":886,"template":"","meta":{"pagelayer_contact_templates":[],"_pagelayer_content":"","site-sidebar-layout":"default","site-content-layout":"","ast-site-content-layout":"default","site-content-style":"default","site-sidebar-style":"default","ast-global-header-display":"","ast-banner-title-visibility":"","ast-main-header-display":"","ast-hfb-above-header-display":"","ast-hfb-below-header-display":"","ast-hfb-mobile-header-display":"","site-post-title":"","ast-breadcrumbs-content":"","ast-featured-img":"","footer-sml-layout":"","theme-transparent-header-meta":"default","adv-header-id-meta":"","stick-header-meta":"","header-above-stick-meta":"","header-main-stick-meta":"","header-below-stick-meta":"","astra-migrate-meta-layouts":"set","ast-page-background-enabled":"default","ast-page-background-meta":{"desktop":{"background-color":"var(--ast-global-color-5)","background-image":"","background-repeat":"repeat","background-position":"center center","background-size":"auto","background-attachment":"scroll","background-type":"","background-media":"","overlay-type":"","overlay-color":"","overlay-opacity":"","overlay-gradient":""},"tablet":{"background-color":"","background-image":"","background-repeat":"repeat","background-position":"center center","background-size":"auto","background-attachment":"scroll","background-type":"","background-media":"","overlay-type":"","overlay-color":"","overlay-opacity":"","overlay-gradient":""},"mobile":{"background-color":"","background-image":"","background-repeat":"repeat","background-position":"center center","background-size":"auto","background-attachment":"scroll","background-type":"","background-media":"","overlay-type":"","overlay-color":"","overlay-opacity":"","overlay-gradient":""}},"ast-content-background-meta":{"desktop":{"background-color":"var(--ast-global-color-4)","background-image":"","background-repeat":"repeat","background-position":"center center","background-size":"auto","background-attachment":"scroll","background-type":"","background-media":"","overlay-type":"","overlay-color":"","overlay-opacity":"","overlay-gradient":""},"tablet":{"background-color":"var(--ast-global-color-4)","background-image":"","background-repeat":"repeat","background-position":"center center","background-size":"auto","background-attachment":"scroll","background-type":"","background-media":"","overlay-type":"","overlay-color":"","overlay-opacity":"","overlay-gradient":""},"mobile":{"background-color":"var(--ast-global-color-4)","background-image":"","background-repeat":"repeat","background-position":"center center","background-size":"auto","background-attachment":"scroll","background-type":"","background-media":"","overlay-type":"","overlay-color":"","overlay-opacity":"","overlay-gradient":""}}},"product_brand":[34],"product_cat":[15],"product_tag":[],"class_list":{"0":"post-884","1":"product","2":"type-product","3":"status-publish","4":"has-post-thumbnail","6":"product_brand-mima","7":"product_cat-sem-categoria","8":"product_shipping_class-stacker","9":"desktop-align-left","10":"tablet-align-left","11":"mobile-align-left","13":"first","14":"instock","15":"taxable","16":"shipping-taxable","17":"product-type-simple"},"_links":{"self":[{"href":"https:\/\/liftingsolutions.pt\/stock\/wp-json\/wp\/v2\/product\/884","targetHints":{"allow":["GET"]}}],"collection":[{"href":"https:\/\/liftingsolutions.pt\/stock\/wp-json\/wp\/v2\/product"}],"about":[{"href":"https:\/\/liftingsolutions.pt\/stock\/wp-json\/wp\/v2\/types\/product"}],"wp:featuredmedia":[{"embeddable":true,"href":"https:\/\/liftingsolutions.pt\/stock\/wp-json\/wp\/v2\/media\/886"}],"wp:attachment":[{"href":"https:\/\/liftingsolutions.pt\/stock\/wp-json\/wp\/v2\/media?parent=884"}],"wp:term":[{"taxonomy":"product_brand","embeddable":true,"href":"https:\/\/liftingsolutions.pt\/stock\/wp-json\/wp\/v2\/product_brand?post=884"},{"taxonomy":"product_cat","embeddable":true,"href":"https:\/\/liftingsolutions.pt\/stock\/wp-json\/wp\/v2\/product_cat?post=884"},{"taxonomy":"product_tag","embeddable":true,"href":"https:\/\/liftingsolutions.pt\/stock\/wp-json\/wp\/v2\/product_tag?post=884"}],"curies":[{"name":"wp","href":"https:\/\/api.w.org\/{rel}","templated":true}]}}